{"id":8587,"date":"2022-12-26T20:22:03","date_gmt":"2022-12-26T19:22:03","guid":{"rendered":"https:\/\/weissimmobilien.com\/zig\/"},"modified":"2023-10-21T16:31:02","modified_gmt":"2023-10-21T14:31:02","slug":"zig","status":"publish","type":"page","link":"https:\/\/weissimmobilien.com\/hr\/zig\/","title":{"rendered":"\u017dig"},"content":{"rendered":"\t\t<div data-elementor-type=\"wp-page\" data-elementor-id=\"8587\" class=\"elementor elementor-8587 elementor-36\" data-elementor-post-type=\"page\">\n\t\t\t\t\t\t<section class=\"elementor-section elementor-top-section elementor-element elementor-element-32a5e90 elementor-section-boxed elementor-section-height-default elementor-section-height-default\" data-id=\"32a5e90\" data-element_type=\"section\">\n\t\t\t\t\t\t<div class=\"elementor-container elementor-column-gap-default\">\n\t\t\t\t\t<div class=\"elementor-column elementor-col-100 elementor-top-column elementor-element elementor-element-39f9aeb\" data-id=\"39f9aeb\" data-element_type=\"column\">\n\t\t\t<div class=\"elementor-widget-wrap elementor-element-populated\">\n\t\t\t\t\t\t<div class=\"elementor-element elementor-element-9d35732 elementor-widget elementor-widget-heading\" data-id=\"9d35732\" data-element_type=\"widget\" data-widget_type=\"heading.default\">\n\t\t\t\t<div class=\"elementor-widget-container\">\n\t\t\t\t\t<h1 class=\"elementor-heading-title elementor-size-default\">\u017dig<\/h1>\t\t\t\t<\/div>\n\t\t\t\t<\/div>\n\t\t\t\t\t<\/div>\n\t\t<\/div>\n\t\t\t\t\t<\/div>\n\t\t<\/section>\n\t\t\t\t<section class=\"elementor-section elementor-top-section elementor-element elementor-element-c87a4ac elementor-section-boxed elementor-section-height-default elementor-section-height-default\" data-id=\"c87a4ac\" data-element_type=\"section\">\n\t\t\t\t\t\t<div class=\"elementor-container elementor-column-gap-default\">\n\t\t\t\t\t<div class=\"elementor-column elementor-col-100 elementor-top-column elementor-element elementor-element-a3b8f4b\" data-id=\"a3b8f4b\" data-element_type=\"column\">\n\t\t\t<div class=\"elementor-widget-wrap elementor-element-populated\">\n\t\t\t\t\t\t<div class=\"elementor-element elementor-element-fdbdc00 elementor-widget elementor-widget-shortcode\" data-id=\"fdbdc00\" data-element_type=\"widget\" data-widget_type=\"shortcode.default\">\n\t\t\t\t<div class=\"elementor-widget-container\">\n\t\t\t\t\t\t\t<div class=\"elementor-shortcode\"><style>\n            #jmdcontent h1, #jmdcontent h2, #jmdcontent h3, #jmdcontent h4, #jmdcontent h5, #jmdcontent h6 {\n                margin: 1.5em 0 1em 0;\n            }\n\n            #jmdcontent {\n                font-size: 14px;\n                line-height: 1.5;\n                text-align: left;\n            }\n\n            #jmdcontent a {\n                word-break: break-word;\n            }\n\n            #jmdcontent code {\n                background-color: #f5f5f5;\n                color: #bd4147;\n                box-shadow: 0 2px 1px -1px rgba(0,0,0,.2), 0 1px 1px 0 rgba(0,0,0,.14), 0 1px 3px 0 rgba(0,0,0,.12);\n                display: inline-block;\n                border-radius: 3px;\n                white-space: pre-wrap;\n                font-size: 85%;\n                font-weight: 900;\n            }\n\n            #jmdcontent code:after, #jmdcontent code:before {\n                content: \"\\A0\";\n                letter-spacing: -1px;\n            }\n\n            #jmdcontent table {\n                border: solid 1px #EEEEEE;\n                border-collapse: collapse;\n                border-spacing: 0;\n                font-size: 0.9em;\n                line-height: normal;\n            }\n\n            #jmdcontent table thead th {\n                background-color: #EFEFEF;\n                padding: 10px;\n                text-align: left;\n                color: black;\n                margin: revert;\n                width: revert;\n                height: revert;\n            }\n\n            #jmdcontent table tbody td {\n                border: solid 1px #EEEEEE;\n                padding: 10px;\n            }\n\n            #jmdcontent .cancellation-policy, #jmdcontent .jmd-bordered {\n                border: solid 1px;\n                padding: 0em 1em;\n            }\n\n            #jmdcontent ol {\n              counter-reset: item;\n            }\n\n            #jmdcontent ol > li {\n              display: block;\n            }\n                        \n            #jmdcontent li {\n             list-style-position: outside !important;\n            }\n\n            #jmdcontent ol > li >*:first-child:before {\n              content: counters(item, \".\") \". \";\n              counter-increment: item\n            }\n\n            @media (max-width: 1600px) {\n\n                #jmdcontent table, #jmdcontent thead, #jmdcontent tbody, #jmdcontent tfoot,\n                #jmdcontent tr, #jmdcontent th, #jmdcontent td {\n                    display: block;\n                }\n\n                #jmdcontent thead tr, #jmdcontent tfoot tr > th {\n                    display: none;\n                }\n\n                #jmdcontent tr {\n                    border: 1px solid #ccc;\n                    margin-bottom: 1em;\n                }\n\n                #jmdcontent tr:last-child {\n                    margin-bottom: 0;\n                }\n\n                #jmdcontent table tbody  td {\n                    border: none;\n                    border-bottom: 1px solid #eee;\n                    position: relative;\n                    white-space: normal;\n                    text-align: left;\n                    padding: 5px 10px 5px calc(30% + 20px);\n                }\n\n                #jmdcontent table tbody td:before {\n                    content: attr(data-header);\n                    position: absolute;\n                    top: 1px;\n                    left: 1px;\n                    width: 30%;\n                    padding: 5px 10px;\n                    white-space: nowrap;\n                    text-align: left;\n                    font-weight: bold;\n                }\n            }\n\n<\/style>\n<div id='jmdcontent' data-jid=\"665147\" data-jtype=\"imprint\" lang=\"de\"><h1 id=\"jsectionimpressum\">Impressum<\/h1>\n<h2 id=\"jsectionseitenbetreiber\">Seitenbetreiber<\/h2>\n<p>J\u00fcrgen Weiss Immobilien GmbH &amp; Co. KG<br \/>\nRothenbaumchaussee 103<br \/>\n20148 Hamburg<br \/>\nDeutschland<br \/>\nE-Mail: <a href=\"mailto:info@weissimmobilien.com\" rel=\"noopener noreferrer\" target=\"_blank\">info@weissimmobilien.com<\/a><br \/>\nTel.: +49 (0) 40 \/ 53 88 88 88<br \/>\nFax: +49 (0) 40 \/ 538 46 76  <\/p>\n<h3 id=\"jsectionhandelsregister\">Handelsregister<\/h3>\n<p>Registergericht: Amtsgericht Hamburg<br \/>\nRegisternummer: HRA 118650<\/p>\n<h3 id=\"jsectionpersnlichhaftendegesellschafterin\">Pers\u00f6nlich haftende Gesellschafterin<\/h3>\n<p>GCH Grundst\u00fccks-Consulting-Hamburg GmbH<br \/>\n Rehagen 25<br \/>\n22339 Hamburg<br \/>\nDeutschland<br \/>\nE-Mail: <a href=\"mailto:info@weissimmobilien.com\" rel=\"noopener noreferrer\" target=\"_blank\">info@weissimmobilien.com<\/a><br \/>\nTel.: +49 40 - 53 88 88 88<br \/>\nFax: +49 (0) 40 \/ 538 46 76<br \/>\nWebsite: <a href=\"http:\/\/www.weissimmobilien.com\/\" rel=\"noopener noreferrer\" target=\"_blank\">http:\/\/www.weissimmobilien.com\/<\/a><br \/>\nRegistergericht: Amtsgericht Hamburg<br \/>\nRegisternummer: HRB 66111<br \/>\nGesch\u00e4ftsf\u00fchrer: Susanne Weiss, Felix Weiss<\/p>\n<h3 id=\"jsectionumsatzsteueridentifikationsnummergem27aumsatzsteuergesetz\">Umsatzsteuer-Identifikationsnummer gem\u00e4\u00df \u00a7 27 a Umsatzsteuergesetz<\/h3>\n<p>DE 118460216<\/p>\n<h3 id=\"jsectioninhaltlichverantwortlicher\">Inhaltlich Verantwortlicher<\/h3>\n<p>Felix Weiss<br \/>\n(Anschrift wie oben)<\/p>\n<h3 id=\"jsectionangabenfrdiettigkeitalsimmobilienmakleringem34cabs1gewo\">Angaben f\u00fcr die T\u00e4tigkeit als Immobilienmakler\/in gem\u00e4\u00df \u00a7 34c Abs. 1 GewO<\/h3>\n<h4 id=\"jsectionberufsbezeichnung\">Berufsbezeichnung<\/h4>\n<p>Immobilienmakler\/in gem\u00e4\u00df \u00a7 34c Abs. 1 GewO (verliehen in Deutschland)<\/p>\n<h4 id=\"jsectionzustndigeaufsichtsbehrdefrdiettigkeitalsimmobilienmakleringem34cabs1gewo\">Zust\u00e4ndige Aufsichtsbeh\u00f6rde f\u00fcr die T\u00e4tigkeit als Immobilienmakler\/in gem\u00e4\u00df \u00a7 34c Abs. 1 GewO<\/h4>\n<p>Bezirksamt Wandsbek - Fachamt Verbraucherschutz, Gewerbe und Umwelt<br \/>\n Schlossgarten 9<br \/>\n20041 Hamburg<br \/>\nDeutschland<br \/>\nE-Mail: <a href=\"mailto:verbraucherschutzamt@wandsbek.hamburg.de\" rel=\"noopener noreferrer\" target=\"_blank\">verbraucherschutzamt@wandsbek.hamburg.de<\/a><br \/>\nTel.: +49 (0) 40 \/ 428 81 20 0<br \/>\nWebsite: <a href=\"https:\/\/www.hamburg.de\/\" rel=\"noopener noreferrer\" target=\"_blank\">https:\/\/www.hamburg.de\/<\/a>  <\/p>\n<h4 id=\"jsectionberufsrechtlicheregelungenfrdiettigkeitalsimmobilienmakleringem34cabs1gewo\">Berufsrechtliche Regelungen f\u00fcr die T\u00e4tigkeit als Immobilienmakler\/in gem\u00e4\u00df \u00a7 34c Abs. 1 GewO<\/h4>\n<p>Es gelten die nachstehend benannten berufsrechtlichen Regelungen f\u00fcr die T\u00e4tigkeit als Immobilienmakler\/in gem\u00e4\u00df \u00a7 34c Abs. 1 GewO in der Bundesrepublik Deutschland:<\/p>\n<ul>\n<li><p>Makler- und Bautr\u00e4gerverordnung (MaBV) (<a href=\"https:\/\/www.gesetze-im-internet.de\/gewo_34cdv\/\" rel=\"noopener noreferrer\" target=\"_blank\">https:\/\/www.gesetze-im-internet.de\/gewo_34cdv\/<\/a>)<\/p><\/li>\n<li><p>\u00a7 34c Gewerbeordnung (GewO) (<a href=\"https:\/\/www.gesetze-im-internet.de\/gewo\/__34c.html\" rel=\"noopener noreferrer\" target=\"_blank\">https:\/\/www.gesetze-im-internet.de\/gewo\/__34c.html<\/a>)<\/p><\/li>\n<\/ul>\n<h4 id=\"jsectionberufshaftpflichtversicherung\">Berufshaftpflichtversicherung<\/h4>\n<p>ALLCURA Versicherungs-Aktiengesellschaft<br \/>\nSchauenburgerstra\u00dfe 27<br \/>\n20095 Hamburg<br \/>\nDeutschland  <\/p>\n<p>R\u00e4umlicher Geltungsbereich: Europa<\/p>\n<h3 id=\"jsectioninformationenzuronlinestreitbeilegung\">Informationen zur Online-Streitbeilegung<\/h3>\n<p>Die Europ\u00e4ische Kommission stellt eine Plattform zur Online-Streitbeilegung (OS) bereit.<br \/>\nDiese Plattform finden Sie unter folgendem Link: <a href=\"https:\/\/ec.europa.eu\/consumers\/odr\/\" rel=\"noopener noreferrer\" target=\"_blank\">https:\/\/ec.europa.eu\/consumers\/odr\/<\/a>.<br \/>\nVerbraucher k\u00f6nnen diese Plattform nutzen, um ihre Streitigkeiten aus Online-Vertr\u00e4gen beizulegen.<\/p>\n<h3 id=\"jsectionhinweisgem36vsbg\">Hinweis gem\u00e4\u00df \u00a7 36 VSBG<\/h3>\n<p>Wir werden nicht an alternativen Streitschlichtungsverfahren im Sinne des \u00a7 36 VSBG teilnehmen.\nDie Nutzung einer alternativen Schlichtungsstelle stellt keine zwingende Voraussetzung f\u00fcr das Anrufen zust\u00e4ndiger ordentlicher Gerichte dar.<\/p>\n<h3 id=\"jsectionurheberrechtundbildnachweise\">Urheberrecht und Bildnachweise<\/h3>\n<p>Die Inhalte von <a href=\"http:\/\/www.weissimmobilien.com\" rel=\"noopener noreferrer\" target=\"_blank\">www.weissimmobilien.com<\/a> sind \u2013 soweit nicht abweichend angegeben \u2013  urheberrechtlich gesch\u00fctzt.<br \/>\nVerwendete Fotografien sind ggf. mit Bildnachweisen gekennzeichnet oder unten aufgef\u00fchrt, soweit sie nicht selbst angefertigt wurden.<br \/>\nDie Verwendung von Fotografien auf Drittseiten ist nur im Rahmen der jeweiligen Lizenz der Urheber m\u00f6glich.<\/p><\/div><p>Erstellt durch:<\/p><p>\u00a9 DURY LEGAL Rechtsanw\u00e4lte \u2013 <a href=\"https:\/\/www.dury.de\" target=\"_blank\" rel=\"noopener\">www.dury.de<\/a><\/p><p>\u00a9 Website-Check GmbH \u2013 <a href=\"https:\/\/www.website-check.de\" target=\"_blank\" rel=\"noopener\">www.website-check.de<\/a><\/p>\n<div id=\"jmdseal\">\n    <a href=\"https:\/\/seal.website-check.de\/?token=eyJhbGciOiJIUzI1NiIsInR5cCI6IkpXVCJ9.eyJ3aWQiOiIyODM5IiwidCI6ImltcHJpbnQiLCJpYXQiOjE3MzUxOTQ3NzV9.hTERWxKc1VVL4U36gQhIVQ8Xr4mYVZzijy3W0J3FITQ\" target=\"_blank\"><img decoding=\"async\" id=\"jseal\" style=\"width: 8em; margin-left: 1em;\" src=\"https:\/\/seal.website-check.de\/seal?token=eyJhbGciOiJIUzI1NiIsInR5cCI6IkpXVCJ9.eyJ3aWQiOiIyODM5IiwidCI6ImltcHJpbnQiLCJpYXQiOjE3MzUxOTQ3NzV9.hTERWxKc1VVL4U36gQhIVQ8Xr4mYVZzijy3W0J3FITQ\" \/><\/a>\n<\/div><\/div>\n\t\t\t\t\t\t<\/div>\n\t\t\t\t<\/div>\n\t\t\t\t\t<\/div>\n\t\t<\/div>\n\t\t\t\t\t<\/div>\n\t\t<\/section>\n\t\t\t\t<\/div>\n\t\t","protected":false},"excerpt":{"rendered":"<p>\u017dig<\/p>\n","protected":false},"author":1,"featured_media":0,"parent":0,"menu_order":0,"comment_status":"closed","ping_status":"closed","template":"","meta":{"footnotes":""},"class_list":["post-8587","page","type-page","status-publish","hentry"],"_links":{"self":[{"href":"https:\/\/weissimmobilien.com\/hr\/wp-json\/wp\/v2\/pages\/8587","targetHints":{"allow":["GET"]}}],"collection":[{"href":"https:\/\/weissimmobilien.com\/hr\/wp-json\/wp\/v2\/pages"}],"about":[{"href":"https:\/\/weissimmobilien.com\/hr\/wp-json\/wp\/v2\/types\/page"}],"author":[{"embeddable":true,"href":"https:\/\/weissimmobilien.com\/hr\/wp-json\/wp\/v2\/users\/1"}],"replies":[{"embeddable":true,"href":"https:\/\/weissimmobilien.com\/hr\/wp-json\/wp\/v2\/comments?post=8587"}],"version-history":[{"count":0,"href":"https:\/\/weissimmobilien.com\/hr\/wp-json\/wp\/v2\/pages\/8587\/revisions"}],"wp:attachment":[{"href":"https:\/\/weissimmobilien.com\/hr\/wp-json\/wp\/v2\/media?parent=8587"}],"curies":[{"name":"wp","href":"https:\/\/api.w.org\/{rel}","templated":true}]}}