{"id":8580,"date":"2023-01-27T23:03:43","date_gmt":"2023-01-27T22:03:43","guid":{"rendered":"https:\/\/weissimmobilien.com\/detalji-o-svojstvu\/"},"modified":"2024-05-29T15:52:42","modified_gmt":"2024-05-29T13:52:42","slug":"detalji-o-svojstvu","status":"publish","type":"page","link":"https:\/\/weissimmobilien.com\/hr\/detalji-o-svojstvu\/","title":{"rendered":"Detalji o svojstvu"},"content":{"rendered":"\t\t<div data-elementor-type=\"wp-page\" data-elementor-id=\"8580\" class=\"elementor elementor-8580 elementor-1244\" data-elementor-post-type=\"page\">\n\t\t\t\t\t\t<section class=\"elementor-section elementor-top-section elementor-element elementor-element-8cf5450 elementor-section-full_width elementor-section-height-default elementor-section-height-default\" data-id=\"8cf5450\" data-element_type=\"section\">\n\t\t\t\t\t\t<div class=\"elementor-container elementor-column-gap-default\">\n\t\t\t\t\t<div class=\"elementor-column elementor-col-100 elementor-top-column elementor-element elementor-element-64eefbe\" data-id=\"64eefbe\" data-element_type=\"column\">\n\t\t\t<div class=\"elementor-widget-wrap elementor-element-populated\">\n\t\t\t\t\t\t<div class=\"elementor-element elementor-element-659d8e3 elementor-widget elementor-widget-shortcode\" data-id=\"659d8e3\" data-element_type=\"widget\" data-widget_type=\"shortcode.default\">\n\t\t\t\t<div class=\"elementor-widget-container\">\n\t\t\t\t\t\t\t<div class=\"elementor-shortcode\"><div class=\"oo-detailview-helper\"><p class=\"oo-detailview-helper-text oo-detailview-helper-text--default\">Otvorili ste detaljnu stranicu, ali ne znamo koju estate da Vam poka\u017eemo jer nema ID estate u URL-u. Molimo Vas da odete na popis estate i otvorite neku estate odande.<\/p><\/div><\/div>\n\t\t\t\t\t\t<\/div>\n\t\t\t\t<\/div>\n\t\t\t\t\t<\/div>\n\t\t<\/div>\n\t\t\t\t\t<\/div>\n\t\t<\/section>\n\t\t\t\t<section class=\"elementor-section elementor-top-section elementor-element elementor-element-d9f27d8 elementor-section-boxed elementor-section-height-default elementor-section-height-default\" data-id=\"d9f27d8\" data-element_type=\"section\" data-settings=\"{&quot;background_background&quot;:&quot;classic&quot;}\">\n\t\t\t\t\t\t<div class=\"elementor-container elementor-column-gap-default\">\n\t\t\t\t\t<div class=\"elementor-column elementor-col-100 elementor-top-column elementor-element elementor-element-c792a41\" data-id=\"c792a41\" data-element_type=\"column\">\n\t\t\t<div class=\"elementor-widget-wrap elementor-element-populated\">\n\t\t\t\t\t\t<div class=\"elementor-element elementor-element-08c8682 elementor-invisible elementor-widget elementor-widget-heading\" data-id=\"08c8682\" data-element_type=\"widget\" data-settings=\"{&quot;_animation&quot;:&quot;fadeInDown&quot;}\" data-widget_type=\"heading.default\">\n\t\t\t\t<div class=\"elementor-widget-container\">\n\t\t\t\t\t<h2 class=\"elementor-heading-title elementor-size-default\">Niste prona\u0161li ni\u0161ta prikladno?<br>  Napravite profil za pretra\u017eivanje!<\/h2>\t\t\t\t<\/div>\n\t\t\t\t<\/div>\n\t\t\t\t<div class=\"elementor-element elementor-element-85600c1 elementor-widget__width-inherit elementor-widget-mobile__width-inherit elementor-align-center elementor-invisible elementor-widget elementor-widget-button\" data-id=\"85600c1\" data-element_type=\"widget\" data-settings=\"{&quot;_animation&quot;:&quot;fadeIn&quot;}\" data-widget_type=\"button.default\">\n\t\t\t\t<div class=\"elementor-widget-container\">\n\t\t\t\t\t\t\t\t\t<div class=\"elementor-button-wrapper\">\n\t\t\t\t\t<a class=\"elementor-button elementor-button-link elementor-size-sm\" href=\"https:\/\/weissimmobilien.com\/hr\/pretrazivanje\/\">\n\t\t\t\t\t\t<span class=\"elementor-button-content-wrapper\">\n\t\t\t\t\t\t<span class=\"elementor-button-icon\">\n\t\t\t\t<i aria-hidden=\"true\" class=\"fas fa-arrow-right\"><\/i>\t\t\t<\/span>\n\t\t\t\t\t\t\t\t\t<span class=\"elementor-button-text\">Kreiranje zahtjevnice<\/span>\n\t\t\t\t\t<\/span>\n\t\t\t\t\t<\/a>\n\t\t\t\t<\/div>\n\t\t\t\t\t\t\t\t<\/div>\n\t\t\t\t<\/div>\n\t\t\t\t\t<\/div>\n\t\t<\/div>\n\t\t\t\t\t<\/div>\n\t\t<\/section>\n\t\t\t\t<\/div>\n\t\t","protected":false},"excerpt":{"rendered":"<p>Niste prona\u0161li ni\u0161ta prikladno? Napravite profil za pretra\u017eivanje! Kreiranje zahtjevnice<\/p>\n","protected":false},"author":1,"featured_media":0,"parent":0,"menu_order":0,"comment_status":"closed","ping_status":"closed","template":"elementor_header_footer","meta":{"footnotes":""},"class_list":["post-8580","page","type-page","status-publish","hentry"],"_links":{"self":[{"href":"https:\/\/weissimmobilien.com\/hr\/wp-json\/wp\/v2\/pages\/8580","targetHints":{"allow":["GET"]}}],"collection":[{"href":"https:\/\/weissimmobilien.com\/hr\/wp-json\/wp\/v2\/pages"}],"about":[{"href":"https:\/\/weissimmobilien.com\/hr\/wp-json\/wp\/v2\/types\/page"}],"author":[{"embeddable":true,"href":"https:\/\/weissimmobilien.com\/hr\/wp-json\/wp\/v2\/users\/1"}],"replies":[{"embeddable":true,"href":"https:\/\/weissimmobilien.com\/hr\/wp-json\/wp\/v2\/comments?post=8580"}],"version-history":[{"count":0,"href":"https:\/\/weissimmobilien.com\/hr\/wp-json\/wp\/v2\/pages\/8580\/revisions"}],"wp:attachment":[{"href":"https:\/\/weissimmobilien.com\/hr\/wp-json\/wp\/v2\/media?parent=8580"}],"curies":[{"name":"wp","href":"https:\/\/api.w.org\/{rel}","templated":true}]}}