{"id":8522,"date":"2023-03-09T15:28:15","date_gmt":"2023-03-09T14:28:15","guid":{"rendered":"https:\/\/weissimmobilien.com\/novinska-brosura\/"},"modified":"2024-10-09T09:57:06","modified_gmt":"2024-10-09T07:57:06","slug":"novinska-brosura","status":"publish","type":"page","link":"https:\/\/weissimmobilien.com\/hr\/novinska-brosura\/","title":{"rendered":"Novinska bro\u0161ura"},"content":{"rendered":"\t\t<div data-elementor-type=\"wp-page\" data-elementor-id=\"8522\" class=\"elementor elementor-8522 elementor-2418\" data-elementor-post-type=\"page\">\n\t\t\t\t\t\t<section class=\"elementor-section elementor-top-section elementor-element elementor-element-53ccab7 elementor-section-boxed elementor-section-height-default elementor-section-height-default\" data-id=\"53ccab7\" data-element_type=\"section\" data-settings=\"{&quot;background_background&quot;:&quot;classic&quot;}\">\n\t\t\t\t\t\t<div class=\"elementor-container elementor-column-gap-default\">\n\t\t\t\t\t<div class=\"elementor-column elementor-col-100 elementor-top-column elementor-element elementor-element-eaf0708\" data-id=\"eaf0708\" data-element_type=\"column\">\n\t\t\t<div class=\"elementor-widget-wrap elementor-element-populated\">\n\t\t\t\t\t\t<div class=\"elementor-element elementor-element-be67440 elementor-invisible elementor-widget elementor-widget-heading\" data-id=\"be67440\" data-element_type=\"widget\" data-settings=\"{&quot;_animation&quot;:&quot;fadeInLeft&quot;,&quot;_animation_delay&quot;:200}\" data-widget_type=\"heading.default\">\n\t\t\t\t<div class=\"elementor-widget-container\">\n\t\t\t\t\t<h1 class=\"elementor-heading-title elementor-size-default\">Novinska bro\u0161ura<\/h1>\t\t\t\t<\/div>\n\t\t\t\t<\/div>\n\t\t\t\t\t<\/div>\n\t\t<\/div>\n\t\t\t\t\t<\/div>\n\t\t<\/section>\n\t\t\t\t<section class=\"elementor-section elementor-top-section elementor-element elementor-element-abb9644 elementor-section-boxed elementor-section-height-default elementor-section-height-default\" data-id=\"abb9644\" data-element_type=\"section\" data-settings=\"{&quot;background_background&quot;:&quot;classic&quot;}\">\n\t\t\t\t\t\t<div class=\"elementor-container elementor-column-gap-default\">\n\t\t\t\t\t<div class=\"elementor-column elementor-col-50 elementor-top-column elementor-element elementor-element-0dc65c9\" data-id=\"0dc65c9\" data-element_type=\"column\">\n\t\t\t<div class=\"elementor-widget-wrap elementor-element-populated\">\n\t\t\t\t\t\t<div class=\"elementor-element elementor-element-e926f69 elementor-invisible elementor-widget elementor-widget-heading\" data-id=\"e926f69\" data-element_type=\"widget\" data-settings=\"{&quot;_animation&quot;:&quot;fadeInLeft&quot;}\" data-widget_type=\"heading.default\">\n\t\t\t\t<div class=\"elementor-widget-container\">\n\t\t\t\t\t<h2 class=\"elementor-heading-title elementor-size-default\">Budite u toku.<\/h2>\t\t\t\t<\/div>\n\t\t\t\t<\/div>\n\t\t\t\t<div class=\"elementor-element elementor-element-bfcd44b elementor-invisible elementor-widget elementor-widget-text-editor\" data-id=\"bfcd44b\" data-element_type=\"widget\" data-settings=\"{&quot;_animation&quot;:&quot;fadeInLeft&quot;}\" data-widget_type=\"text-editor.default\">\n\t\t\t\t<div class=\"elementor-widget-container\">\n\t\t\t\t\t\t\t\t\t<p>Gubite li pojam o svim promjenama na hambur\u0161kom tr\u017ei\u0161tu nekretnina i jeste li ve\u0107 propustili neke ponude za nekretnine koje bi vam savr\u0161eno odgovarale?1<\/p>\n<p>Prijavom na na\u0161 newsletter ne\u0107ete propustiti potpuno nove oglase ili najave o na\u0161im nadolaze\u0107im doga\u0111ajima.<\/p>\n\t\t\t\t\t\t\t\t<\/div>\n\t\t\t\t<\/div>\n\t\t\t\t<div class=\"elementor-element elementor-element-7f718a9 elementor-invisible elementor-widget elementor-widget-shortcode\" data-id=\"7f718a9\" data-element_type=\"widget\" data-settings=\"{&quot;_animation&quot;:&quot;fadeInLeft&quot;}\" data-widget_type=\"shortcode.default\">\n\t\t\t\t<div class=\"elementor-widget-container\">\n\t\t\t\t\t\t\t<div class=\"elementor-shortcode\">\n<h3>\n   <\/h3>\n\n<div id=\"RSForm\">\n   <form method=\"post\" id=\"onoffice-form\">\n      <input type=\"hidden\" name=\"oo_formid\" value=\"Newsletter\">\n      <input type=\"hidden\" name=\"oo_formno\" value=\"1\">\n      <input type=\"hidden\" id=\"onoffice_nonce\" name=\"onoffice_nonce\" value=\"2e1096c23d\" \/>      \n      \n<div class=\"wpNewsletterFrom\">\n\t<div class=\"wpNewsletterRow\">\n\t\t<div class=\"wpNewsletterFromIn\">\n\t\t\t<div class=\"wpNewsletterFromInLeft2\">\n\t\t\t\t<select id=\"Anrede\" class=\"custom-single-select cntFormMsgInput\" size=\"1\" name=\"Anrede\" required=\"\">\n\t\t\t\t\t<option value=\"\">Anrede ausw\u00e4hlen<\/option>\n\t\t\t\t\t<option value=\"Herr\">Herr<\/option>\n\t\t\t\t\t<option value=\"Frau\">Frau<\/option>\n\t\t\t\t\t<option value=\"ind_Schl_3319\">Divers<\/option>\n\t\t\t\t<\/select>\t\t\n\t\t\t<\/div>\n\t\t\t<div class=\"wpNewsletterFromInRight2\">\n\t\t\t<\/div>\n\t\t\t<div class=\"wpNewsletterFromInLeft2\">\n\t\t\t\t<input type=\"text\" name=\"Vorname\" value=\"\" placeholder=\"Vorname*\" required>\n\t\t\t<\/div>\n\t\t\t<div class=\"wpNewsletterFromInRight2\">\n\t\t\t<input type=\"text\" name=\"Name\" value=\"\" placeholder=\"Nachname*\" required>\n\t\t\t<\/div>\n\t\t\t<div class=\"wpNewsletterFromInFull\">\n\t\t\t\t<input type=\"email\" name=\"Email\" value=\"\" placeholder=\"Email*\" required>\n\t\t\t<\/div>\n\t\t\t<div class=\"wpNewsletterFromInLeft\">\n\t\t\t\t<input type=\"text\" name=\"Telefon1\" value=\"\" placeholder=\"Telefonnummer\">\n\t\t\t<\/div>\n\t\t\t<div class=\"wpNewsletterFromInFull\">\n            <input type=\"text\" name=\"Strasse\" value=\"\" placeholder=\"Stra\u00dfe & Hausnummer\">\n         <\/div>\n         <div class=\"wpNewsletterFromInLeft2\">\n\t\t\t\t<input type=\"text\" name=\"Plz\" value=\"\" placeholder=\"Postleitzahl\">\n\t\t\t<\/div>\n         <div class=\"wpNewsletterFromInRight2\">\n            <input type=\"text\" name=\"Ort\" value=\"\" placeholder=\"Ort\">\n\t\t\t\t<input name=\"newsletter_aktiv\" value=\"3\" hidden>\n\t\t\t<\/div>\n\t\t\t<div class=\"wpNewsletterFromInRight\">\n\t\t\t\t<input id=\"nl-anmeldung\" type=\"submit\" value=\"Absenden\">\n\t\t\t<\/div>\n\t\t<\/div>\n\t<\/div>\n\t\t\n<\/div>   <input\n                    class=\"apbct_special_field apbct_email_id__elementor_form\"\n                    name=\"apbct__email_id__elementor_form\"\n                    aria-label=\"apbct__label_id__elementor_form\"\n                    type=\"text\" size=\"30\" maxlength=\"200\" autocomplete=\"off\"\n                    value=\"\"\n                \/><\/form>\n<\/div><\/div>\n\t\t\t\t\t\t<\/div>\n\t\t\t\t<\/div>\n\t\t\t\t\t<\/div>\n\t\t<\/div>\n\t\t\t\t<div class=\"elementor-column elementor-col-50 elementor-top-column elementor-element elementor-element-3a89ecd\" data-id=\"3a89ecd\" data-element_type=\"column\">\n\t\t\t<div class=\"elementor-widget-wrap elementor-element-populated\">\n\t\t\t\t\t\t<div class=\"elementor-element elementor-element-ca0a8e9 elementor-widget elementor-widget-image\" data-id=\"ca0a8e9\" data-element_type=\"widget\" data-settings=\"{&quot;motion_fx_motion_fx_scrolling&quot;:&quot;yes&quot;,&quot;motion_fx_translateY_effect&quot;:&quot;yes&quot;,&quot;motion_fx_translateY_speed&quot;:{&quot;unit&quot;:&quot;px&quot;,&quot;size&quot;:1.1,&quot;sizes&quot;:[]},&quot;motion_fx_translateY_affectedRange&quot;:{&quot;unit&quot;:&quot;%&quot;,&quot;size&quot;:&quot;&quot;,&quot;sizes&quot;:{&quot;start&quot;:20,&quot;end&quot;:80}},&quot;motion_fx_devices&quot;:[&quot;desktop&quot;,&quot;tablet&quot;,&quot;mobile&quot;]}\" data-widget_type=\"image.default\">\n\t\t\t\t<div class=\"elementor-widget-container\">\n\t\t\t\t\t\t\t\t\t\t\t\t\t\t\t<img fetchpriority=\"high\" decoding=\"async\" width=\"800\" height=\"534\" src=\"https:\/\/weissimmobilien.com\/wp-content\/uploads\/2024\/10\/Newsletter-1024x683.jpg\" class=\"attachment-large size-large wp-image-13025\" alt=\"\" srcset=\"https:\/\/weissimmobilien.com\/wp-content\/uploads\/2024\/10\/Newsletter-1024x683.jpg 1024w, https:\/\/weissimmobilien.com\/wp-content\/uploads\/2024\/10\/Newsletter-300x200.jpg 300w, https:\/\/weissimmobilien.com\/wp-content\/uploads\/2024\/10\/Newsletter-768x512.jpg 768w, https:\/\/weissimmobilien.com\/wp-content\/uploads\/2024\/10\/Newsletter-1536x1024.jpg 1536w, https:\/\/weissimmobilien.com\/wp-content\/uploads\/2024\/10\/Newsletter-2048x1365.jpg 2048w\" sizes=\"(max-width: 800px) 100vw, 800px\" \/>\t\t\t\t\t\t\t\t\t\t\t\t\t\t\t<\/div>\n\t\t\t\t<\/div>\n\t\t\t\t\t<\/div>\n\t\t<\/div>\n\t\t\t\t\t<\/div>\n\t\t<\/section>\n\t\t\t\t<\/div>\n\t\t","protected":false},"excerpt":{"rendered":"<p>Novinska bro\u0161ura Budite u toku. Gubite li pojam o svim promjenama na hambur\u0161kom tr\u017ei\u0161tu nekretnina i jeste li ve\u0107 propustili neke ponude za nekretnine koje bi vam savr\u0161eno odgovarale?1 Prijavom na na\u0161 newsletter ne\u0107ete propustiti potpuno nove oglase ili najave o na\u0161im nadolaze\u0107im doga\u0111ajima.<\/p>\n","protected":false},"author":1,"featured_media":0,"parent":0,"menu_order":0,"comment_status":"closed","ping_status":"closed","template":"","meta":{"footnotes":""},"class_list":["post-8522","page","type-page","status-publish","hentry"],"_links":{"self":[{"href":"https:\/\/weissimmobilien.com\/hr\/wp-json\/wp\/v2\/pages\/8522","targetHints":{"allow":["GET"]}}],"collection":[{"href":"https:\/\/weissimmobilien.com\/hr\/wp-json\/wp\/v2\/pages"}],"about":[{"href":"https:\/\/weissimmobilien.com\/hr\/wp-json\/wp\/v2\/types\/page"}],"author":[{"embeddable":true,"href":"https:\/\/weissimmobilien.com\/hr\/wp-json\/wp\/v2\/users\/1"}],"replies":[{"embeddable":true,"href":"https:\/\/weissimmobilien.com\/hr\/wp-json\/wp\/v2\/comments?post=8522"}],"version-history":[{"count":3,"href":"https:\/\/weissimmobilien.com\/hr\/wp-json\/wp\/v2\/pages\/8522\/revisions"}],"predecessor-version":[{"id":13041,"href":"https:\/\/weissimmobilien.com\/hr\/wp-json\/wp\/v2\/pages\/8522\/revisions\/13041"}],"wp:attachment":[{"href":"https:\/\/weissimmobilien.com\/hr\/wp-json\/wp\/v2\/media?parent=8522"}],"curies":[{"name":"wp","href":"https:\/\/api.w.org\/{rel}","templated":true}]}}