{"id":8481,"date":"2022-12-26T19:19:03","date_gmt":"2022-12-26T18:19:03","guid":{"rendered":"https:\/\/weissimmobilien.com\/kontakt\/"},"modified":"2025-06-29T16:26:46","modified_gmt":"2025-06-29T14:26:46","slug":"kontakt","status":"publish","type":"page","link":"https:\/\/weissimmobilien.com\/hr\/kontakt\/","title":{"rendered":"Kontakt"},"content":{"rendered":"\t\t<div data-elementor-type=\"wp-page\" data-elementor-id=\"8481\" class=\"elementor elementor-8481 elementor-32\" data-elementor-post-type=\"page\">\n\t\t\t\t\t\t<section class=\"elementor-section elementor-top-section elementor-element elementor-element-9e93e29 elementor-section-boxed elementor-section-height-default elementor-section-height-default\" data-id=\"9e93e29\" data-element_type=\"section\" data-settings=\"{&quot;background_background&quot;:&quot;classic&quot;}\">\n\t\t\t\t\t\t<div class=\"elementor-container elementor-column-gap-default\">\n\t\t\t\t\t<div class=\"elementor-column elementor-col-100 elementor-top-column elementor-element elementor-element-9554ae1\" data-id=\"9554ae1\" data-element_type=\"column\">\n\t\t\t<div class=\"elementor-widget-wrap elementor-element-populated\">\n\t\t\t\t\t\t<div class=\"elementor-element elementor-element-6f1740c elementor-widget__width-initial elementor-invisible elementor-widget elementor-widget-heading\" data-id=\"6f1740c\" data-element_type=\"widget\" data-settings=\"{&quot;_animation&quot;:&quot;fadeInLeft&quot;,&quot;_animation_delay&quot;:200}\" data-widget_type=\"heading.default\">\n\t\t\t\t<div class=\"elementor-widget-container\">\n\t\t\t\t\t<h1 class=\"elementor-heading-title elementor-size-default\">Upoznajte nas<\/h1>\t\t\t\t<\/div>\n\t\t\t\t<\/div>\n\t\t\t\t<div class=\"elementor-element elementor-element-477c657 elementor-widget__width-initial elementor-invisible elementor-widget elementor-widget-heading\" data-id=\"477c657\" data-element_type=\"widget\" data-settings=\"{&quot;_animation&quot;:&quot;fadeInRight&quot;,&quot;_animation_mobile&quot;:&quot;fadeInLeft&quot;,&quot;_animation_delay&quot;:700}\" data-widget_type=\"heading.default\">\n\t\t\t\t<div class=\"elementor-widget-container\">\n\t\t\t\t\t<span class=\"elementor-heading-title elementor-size-default\">Jer tako\u0111er mo\u017eete oti\u0107i bilo kojem drugom brokeru za obi\u010dnu trgovinu nekretninama.<\/span>\t\t\t\t<\/div>\n\t\t\t\t<\/div>\n\t\t\t\t\t<\/div>\n\t\t<\/div>\n\t\t\t\t\t<\/div>\n\t\t<\/section>\n\t\t\t\t<section class=\"elementor-section elementor-top-section elementor-element elementor-element-5be5afe elementor-section-boxed elementor-section-height-default elementor-section-height-default\" data-id=\"5be5afe\" data-element_type=\"section\" data-settings=\"{&quot;background_background&quot;:&quot;classic&quot;}\">\n\t\t\t\t\t\t<div class=\"elementor-container elementor-column-gap-default\">\n\t\t\t\t\t<div class=\"elementor-column elementor-col-50 elementor-top-column elementor-element elementor-element-c09fa38\" data-id=\"c09fa38\" data-element_type=\"column\">\n\t\t\t<div class=\"elementor-widget-wrap elementor-element-populated\">\n\t\t\t\t\t\t<div class=\"elementor-element elementor-element-118c911 elementor-invisible elementor-widget elementor-widget-heading\" data-id=\"118c911\" data-element_type=\"widget\" data-settings=\"{&quot;_animation&quot;:&quot;fadeInLeft&quot;}\" data-widget_type=\"heading.default\">\n\t\t\t\t<div class=\"elementor-widget-container\">\n\t\t\t\t\t<h2 class=\"elementor-heading-title elementor-size-default\">\u0160to mo\u017eemo u\u010diniti za vas?<\/h2>\t\t\t\t<\/div>\n\t\t\t\t<\/div>\n\t\t\t\t<div class=\"elementor-element elementor-element-9cff9c0 elementor-invisible elementor-widget elementor-widget-shortcode\" data-id=\"9cff9c0\" data-element_type=\"widget\" data-settings=\"{&quot;_animation&quot;:&quot;fadeInLeft&quot;}\" data-widget_type=\"shortcode.default\">\n\t\t\t\t<div class=\"elementor-widget-container\">\n\t\t\t\t\t\t\t<div class=\"elementor-shortcode\"><div id=\"RSForm\">\n   <form method=\"post\" id=\"onoffice-form\" class=\"contactForm\">\n      <input type=\"hidden\" name=\"oo_formid\" value=\"RR und Kontaktform\">\n      <input type=\"hidden\" name=\"oo_formno\" value=\"1\">\n      <input type=\"hidden\" id=\"onoffice_nonce\" name=\"onoffice_nonce\" value=\"9fe8792a9a\" \/>\n      \n      \n\t<div class=\"cntFormIn cntFormContact\" style=\" width: 100%; max-width: 800px; margin: 0 auto; padding: 70px 0\">\n\t\t<div class=\"wp-step--in-v2\">\n\t\t\t<div class=\"wp-step--cnt-v2 v2\" style=\"position: relative; max-width: 800px; margin: 0 auto; padding: 1rem 2rem; overflow: hidden;\">\n\t\t\t\t<div class=\"wp-step--step-v2\">\n\t\t\t\t\t<div class=\"wp-step--stepv2\">\n\t\t\t\t\t\t<div class=\"wp-step--row contactFormIn\">\n\t\t\t\t\t\t\t<div class=\"wp-step--column1-v2\">\n                                <div class=\"wp-step--headline\"><h2>va\u0161e podatke za kontakt<\/h2><\/div>\n\t\t\t\t\t\t\t<\/div>\n\n\t\t\t\t\t\t\t<div class=\"wp-step--column2-v2\">\t\n                            <select size=\"1\" name=\"Anrede\" required=\"\">\n                                <option value=\"\">Pozdrav *<\/option>\n                                <option value=\"Herr\">Gospodin<\/option>\n                                <option value=\"Frau\">\u017dena<\/option>\n                                <option value=\"Firma\">Tvrtka<\/option>\n                                <option value=\"ind_Schl_3319\">Razno<\/option>\n                            <\/select>\t\t\n\t\t\t\t\t\t\t<\/div>\n\t\t\t\t\t\t\t<div class=\"wp-step--column2-v2\">\n\t\t\t\t\t\t\t\t<input type=\"text\" name=\"Vorname\" value=\"\" placeholder=\"Ime *\" required=\"\">\t\t\t\t\n\t\t\t\t\t\t\t<\/div>\n\t\t\t\t\t\t\t<div class=\"wp-step--column2-v2\">\n\t\t\t\t\t\t\t\t<input type=\"text\" name=\"Name\" value=\"\" placeholder=\"Prezime *\" required=\"\">\t\t\t\t\n\t\t\t\t\t\t\t<\/div>\n\t\t\t\t\t\t\t<div class=\"wp-step--column2-v2\">\n\t\t\t\t\t\t\t\t<input type=\"text\" name=\"Strasse\" value=\"\" placeholder=\"Ulica i ku\u0107ni broj *\" required=\"\">\t\t\t\n\t\t\t\t\t\t\t<\/div>\n\t\t\t\t\t\t\t<div class=\"wp-step--column2-v2\">\n\t\t\t\t\t\t\t\t<input type=\"text\" name=\"Plz\" value=\"\" placeholder=\"Po\u0161tanski broj *\" required=\"\">\t\t\t\t\n\t\t\t\t\t\t\t<\/div>\n\t\t\t\t\t\t\t<div class=\"wp-step--column2-v2\">\n\t\t\t\t\t\t\t\t<input type=\"text\" name=\"Ort\" value=\"\" placeholder=\"Mjesto *\" required=\"\">\t\t\t\t\n\t\t\t\t\t\t\t<\/div>\n\t\t\t\t\t\t\t<div class=\"wp-step--column2-v2\">\n\t\t\t\t\t\t\t\t<input type=\"text\" name=\"Email\" value=\"\" placeholder=\"E-mail *\" required=\"\">\t\t\t\t\n\t\t\t\t\t\t\t<\/div>\n\t\t\t\t\t\t\t<div class=\"wp-step--column2-v2\">\n\t\t\t\t\t\t\t\t<input type=\"text\" name=\"Telefon1\" value=\"\" placeholder=\"Telefon *\" required=\"\">\t\t\t\t\n\t\t\t\t\t\t\t<\/div>\n\n\t\t\t\t\t\t\t<div class=\"wp-step--column1-v2\">\n                                <label for=\"message\"><\/label>\n\t\t\t\t\t\t\t    <textarea name=\"message\" id=\"message\" placeholder=\"Vijesti\" cols=\"40\" rows=\"7\"><\/textarea>\n                            <\/div>\n\n                            <div class=\"wp-step--column1-v2 HerkunftKontakt\">\t\t\t\t\t\n                                <input name=\"HerkunftKontakt\" value=\"webseite_system\" hidden>\t\t\t\n                            <\/div>\n                            \n                            <div class=\"wp-step--column1-v2\">\t\t\n                                <label for=\"DSGVOStatus\">\n                                <input type=\"checkbox\" class=\"cntFormMsgInput\" id=\"DSGVOStatus\" name=\"DSGVOStatus\" value=\"speicherungzugestimmt\" required=\"\">\n                                Pro\u010ditao sam <a href=\"\/datenschutzerklaerung\/\">Za\u0161tita podataka<\/a> podataka. \n\t\t\tSuglasan sam da se moje informacije i podaci prikupljaju i \u0161alju elektroni\u010dkim putem kako bi se odgovorilo na moj zahtjev. Napomena: svoju suglasnost mo\u017eete opozvati u bilo kojem trenutku. *\n                                <\/label>\n\t\t\t\t\t\t\t<\/div>\n\t\t\t\t\t\t<\/div>\n\t\t\t\t\t<\/div>\n\t\t\t\t<\/div>\n\t\t\t<\/div>\n\t\t\t<div class=\"wp-step--buttons\">\n         <div class=\"wp-step--buttons-btn-v2\" title=\"Daten senden\" alt=\"send data btn\">\n\t\t\t\t\t\t<input id=\"kontaktform\" type=\"submit\" value=\"Absenden\">\n\t\t\t\t\t<\/div>\n         \n\t\t\t\n\t\t<\/div>      \n\t<\/div>\n\t<script>\n\t\tfunction slide(value) {\n\t\t\tlet form = document.querySelector(`.contactFormIn`);\n\n\t\t\tif (form) {\t\t\t\n                if(value ==`.msg`) {\n                    form.classList.add(`active-msg`);\n                }\n                if(value ==`.tel`) {\n                    form.classList.remove(`active-msg`);\n                }\n            }\n        }\n    <\/script>\n<\/div>\n<input\n                    class=\"apbct_special_field apbct_email_id__elementor_form\"\n                    name=\"apbct__email_id__elementor_form\"\n                    aria-label=\"apbct__label_id__elementor_form\"\n                    type=\"text\" size=\"30\" maxlength=\"200\" autocomplete=\"off\"\n                    value=\"\"\n                \/><\/form><\/div><\/div>\n\t\t\t\t\t\t<\/div>\n\t\t\t\t<\/div>\n\t\t\t\t\t<\/div>\n\t\t<\/div>\n\t\t\t\t<div class=\"elementor-column elementor-col-50 elementor-top-column elementor-element elementor-element-140c040\" data-id=\"140c040\" data-element_type=\"column\" data-settings=\"{&quot;background_background&quot;:&quot;classic&quot;,&quot;motion_fx_motion_fx_scrolling&quot;:&quot;yes&quot;,&quot;motion_fx_translateY_effect&quot;:&quot;yes&quot;,&quot;motion_fx_translateY_speed&quot;:{&quot;unit&quot;:&quot;px&quot;,&quot;size&quot;:0.5,&quot;sizes&quot;:[]},&quot;motion_fx_translateY_affectedRange&quot;:{&quot;unit&quot;:&quot;%&quot;,&quot;size&quot;:&quot;&quot;,&quot;sizes&quot;:{&quot;start&quot;:20,&quot;end&quot;:80}},&quot;motion_fx_devices&quot;:[&quot;desktop&quot;,&quot;tablet&quot;,&quot;mobile&quot;]}\">\n\t\t\t<div class=\"elementor-widget-wrap elementor-element-populated\">\n\t\t\t\t\t\t<div class=\"elementor-element elementor-element-d80412a elementor-widget elementor-widget-spacer\" data-id=\"d80412a\" data-element_type=\"widget\" data-widget_type=\"spacer.default\">\n\t\t\t\t<div class=\"elementor-widget-container\">\n\t\t\t\t\t\t\t<div class=\"elementor-spacer\">\n\t\t\t<div class=\"elementor-spacer-inner\"><\/div>\n\t\t<\/div>\n\t\t\t\t\t\t<\/div>\n\t\t\t\t<\/div>\n\t\t\t\t\t<\/div>\n\t\t<\/div>\n\t\t\t\t\t<\/div>\n\t\t<\/section>\n\t\t\t\t<section class=\"elementor-section elementor-top-section elementor-element elementor-element-2be555c elementor-section-boxed elementor-section-height-default elementor-section-height-default\" data-id=\"2be555c\" data-element_type=\"section\">\n\t\t\t\t\t\t<div class=\"elementor-container elementor-column-gap-default\">\n\t\t\t\t\t<div class=\"elementor-column elementor-col-100 elementor-top-column elementor-element elementor-element-0523fc7\" data-id=\"0523fc7\" data-element_type=\"column\">\n\t\t\t<div class=\"elementor-widget-wrap elementor-element-populated\">\n\t\t\t\t\t\t<div class=\"elementor-element elementor-element-bc415f2 elementor-widget elementor-widget-heading\" data-id=\"bc415f2\" data-element_type=\"widget\" data-widget_type=\"heading.default\">\n\t\t\t\t<div class=\"elementor-widget-container\">\n\t\t\t\t\t<h2 class=\"elementor-heading-title elementor-size-default\">Na\u0161e usluge za vas<\/h2>\t\t\t\t<\/div>\n\t\t\t\t<\/div>\n\t\t\t\t<section class=\"elementor-section elementor-inner-section elementor-element elementor-element-29b9f4a elementor-section-boxed elementor-section-height-default elementor-section-height-default\" data-id=\"29b9f4a\" data-element_type=\"section\">\n\t\t\t\t\t\t<div class=\"elementor-container elementor-column-gap-default\">\n\t\t\t\t\t<div class=\"elementor-column elementor-col-33 elementor-inner-column elementor-element elementor-element-5506e67\" data-id=\"5506e67\" data-element_type=\"column\">\n\t\t\t<div class=\"elementor-widget-wrap elementor-element-populated\">\n\t\t\t\t\t\t<div class=\"elementor-element elementor-element-466aa27 elementor-cta--layout-image-above elementor-cta--valign-top home-cta-1 elementor-cta--mobile-layout-image-left elementor-cta--skin-classic elementor-animated-content elementor-bg-transform elementor-bg-transform-zoom-in elementor-invisible elementor-widget elementor-widget-call-to-action\" data-id=\"466aa27\" data-element_type=\"widget\" data-settings=\"{&quot;_animation&quot;:&quot;fadeInLeft&quot;,&quot;_animation_delay&quot;:200}\" data-widget_type=\"call-to-action.default\">\n\t\t\t\t<div class=\"elementor-widget-container\">\n\t\t\t\t\t\t\t<div class=\"elementor-cta\">\n\t\t\t\t\t<div class=\"elementor-cta__bg-wrapper\">\n\t\t\t\t<div class=\"elementor-cta__bg elementor-bg\" style=\"background-image: url(https:\/\/weissimmobilien.com\/wp-content\/uploads\/2023\/01\/weiss_immobilien-home-6_2.jpg);\" role=\"img\" aria-label=\"Esstisch aus Marmor\"><\/div>\n\t\t\t\t<div class=\"elementor-cta__bg-overlay\"><\/div>\n\t\t\t<\/div>\n\t\t\t\t\t\t\t<div class=\"elementor-cta__content\">\n\t\t\t\t\n\t\t\t\t\t\t\t\t\t<h3 class=\"elementor-cta__title elementor-cta__content-item elementor-content-item\">\n\t\t\t\t\t\tKupiti\t\t\t\t\t<\/h3>\n\t\t\t\t\n\t\t\t\t\t\t\t\t\t<div class=\"elementor-cta__description elementor-cta__content-item elementor-content-item\">\n\t\t\t\t\t\t\u017delite<br>\nkupiti...\n\t\t\t\t\t<\/div>\n\t\t\t\t\n\t\t\t\t\t\t\t\t\t<div class=\"elementor-cta__button-wrapper elementor-cta__content-item elementor-content-item \">\n\t\t\t\t\t<a class=\"elementor-cta__button elementor-button elementor-size-\" href=\"https:\/\/weissimmobilien.com\/hr\/nekretnine\/\">\n\t\t\t\t\t\tVi\u0161e\t\t\t\t\t<\/a>\n\t\t\t\t\t<\/div>\n\t\t\t\t\t\t\t<\/div>\n\t\t\t\t\t\t<\/div>\n\t\t\t\t\t\t<\/div>\n\t\t\t\t<\/div>\n\t\t\t\t<div class=\"elementor-element elementor-element-8df0b13 elementor-widget elementor-widget-html\" data-id=\"8df0b13\" data-element_type=\"widget\" data-widget_type=\"html.default\">\n\t\t\t\t<div class=\"elementor-widget-container\">\n\t\t\t\t\t<script>function init() {\n  const elements = document.querySelectorAll('.home-cta-1');\n  \n  elements.forEach(function(element) {\n    element.addEventListener('click', function() {\n      window.location.href = 'https:\/\/weissimmobilien.com\/immobilien\/';\n    });\n  });\n}\n\ndocument.addEventListener('DOMContentLoaded', init);\n<\/script>\t\t\t\t<\/div>\n\t\t\t\t<\/div>\n\t\t\t\t\t<\/div>\n\t\t<\/div>\n\t\t\t\t<div class=\"elementor-column elementor-col-33 elementor-inner-column elementor-element elementor-element-68ecfb4\" data-id=\"68ecfb4\" data-element_type=\"column\">\n\t\t\t<div class=\"elementor-widget-wrap elementor-element-populated\">\n\t\t\t\t\t\t<div class=\"elementor-element elementor-element-67492d0 elementor-cta--layout-image-above elementor-cta--valign-top home-cta-2 elementor-cta--mobile-layout-image-left elementor-cta--skin-classic elementor-animated-content elementor-bg-transform elementor-bg-transform-zoom-in elementor-invisible elementor-widget elementor-widget-call-to-action\" data-id=\"67492d0\" data-element_type=\"widget\" data-settings=\"{&quot;_animation&quot;:&quot;fadeInUp&quot;,&quot;_animation_mobile&quot;:&quot;fadeInRight&quot;,&quot;_animation_delay&quot;:700}\" data-widget_type=\"call-to-action.default\">\n\t\t\t\t<div class=\"elementor-widget-container\">\n\t\t\t\t\t\t\t<div class=\"elementor-cta\">\n\t\t\t\t\t<div class=\"elementor-cta__bg-wrapper\">\n\t\t\t\t<div class=\"elementor-cta__bg elementor-bg\" style=\"background-image: url(https:\/\/weissimmobilien.com\/wp-content\/uploads\/2023\/01\/weiss_immobilien-home-7.jpg);\" role=\"img\" aria-label=\"Couch mit Couchtisch und Kamin\"><\/div>\n\t\t\t\t<div class=\"elementor-cta__bg-overlay\"><\/div>\n\t\t\t<\/div>\n\t\t\t\t\t\t\t<div class=\"elementor-cta__content\">\n\t\t\t\t\n\t\t\t\t\t\t\t\t\t<h3 class=\"elementor-cta__title elementor-cta__content-item elementor-content-item\">\n\t\t\t\t\t\tProdavati\t\t\t\t\t<\/h3>\n\t\t\t\t\n\t\t\t\t\t\t\t\t\t<div class=\"elementor-cta__description elementor-cta__content-item elementor-content-item\">\n\t\t\t\t\t\t\u017delite<br>\nprodavati...\t\t\t\t\t<\/div>\n\t\t\t\t\n\t\t\t\t\t\t\t\t\t<div class=\"elementor-cta__button-wrapper elementor-cta__content-item elementor-content-item \">\n\t\t\t\t\t<a class=\"elementor-cta__button elementor-button elementor-size-\" href=\"https:\/\/weissimmobilien.com\/verkaufen\/\">\n\t\t\t\t\t\tVi\u0161e\t\t\t\t\t<\/a>\n\t\t\t\t\t<\/div>\n\t\t\t\t\t\t\t<\/div>\n\t\t\t\t\t\t<\/div>\n\t\t\t\t\t\t<\/div>\n\t\t\t\t<\/div>\n\t\t\t\t<div class=\"elementor-element elementor-element-3156ce7 elementor-widget elementor-widget-html\" data-id=\"3156ce7\" data-element_type=\"widget\" data-widget_type=\"html.default\">\n\t\t\t\t<div class=\"elementor-widget-container\">\n\t\t\t\t\t<script>function init() {\n  const elements = document.querySelectorAll('.home-cta-2');\n  \n  elements.forEach(function(element) {\n    element.addEventListener('click', function() {\n      window.location.href = 'https:\/\/weissimmobilien.com\/verkaufen\/';\n    });\n  });\n}\n\ndocument.addEventListener('DOMContentLoaded', init);\n<\/script>\t\t\t\t<\/div>\n\t\t\t\t<\/div>\n\t\t\t\t\t<\/div>\n\t\t<\/div>\n\t\t\t\t<div class=\"elementor-column elementor-col-33 elementor-inner-column elementor-element elementor-element-dced051\" data-id=\"dced051\" data-element_type=\"column\">\n\t\t\t<div class=\"elementor-widget-wrap elementor-element-populated\">\n\t\t\t\t\t\t<div class=\"elementor-element elementor-element-6c93af0 elementor-cta--layout-image-above elementor-cta--valign-top home-cta-3 elementor-cta--mobile-layout-image-left elementor-cta--skin-classic elementor-animated-content elementor-bg-transform elementor-bg-transform-zoom-in elementor-invisible elementor-widget elementor-widget-call-to-action\" data-id=\"6c93af0\" data-element_type=\"widget\" data-settings=\"{&quot;_animation&quot;:&quot;fadeInRight&quot;,&quot;_animation_mobile&quot;:&quot;fadeInLeft&quot;,&quot;_animation_delay&quot;:1200}\" data-widget_type=\"call-to-action.default\">\n\t\t\t\t<div class=\"elementor-widget-container\">\n\t\t\t\t\t\t\t<a class=\"elementor-cta\" href=\"https:\/\/weissimmobilien.com\/verkaufen\/bewertung\/\">\n\t\t\t\t\t<div class=\"elementor-cta__bg-wrapper\">\n\t\t\t\t<div class=\"elementor-cta__bg elementor-bg\" style=\"background-image: url(https:\/\/weissimmobilien.com\/wp-content\/uploads\/2023\/01\/weiss_immobilien-home-8.jpg);\" role=\"img\" aria-label=\"Wohnzimmerdekoration vor einem Kamin\"><\/div>\n\t\t\t\t<div class=\"elementor-cta__bg-overlay\"><\/div>\n\t\t\t<\/div>\n\t\t\t\t\t\t\t<div class=\"elementor-cta__content\">\n\t\t\t\t\n\t\t\t\t\t\t\t\t\t<h3 class=\"elementor-cta__title elementor-cta__content-item elementor-content-item\">\n\t\t\t\t\t\tOcjenjivanje\t\t\t\t\t<\/h3>\n\t\t\t\t\n\t\t\t\t\t\t\t\t\t<div class=\"elementor-cta__description elementor-cta__content-item elementor-content-item\">\n\t\t\t\t\t\t\u017delite<br>\nRecenzija...\n\t\t\t\t\t<\/div>\n\t\t\t\t\n\t\t\t\t\t\t\t\t\t<div class=\"elementor-cta__button-wrapper elementor-cta__content-item elementor-content-item \">\n\t\t\t\t\t<span class=\"elementor-cta__button elementor-button elementor-size-\">\n\t\t\t\t\t\tVi\u0161e\t\t\t\t\t<\/span>\n\t\t\t\t\t<\/div>\n\t\t\t\t\t\t\t<\/div>\n\t\t\t\t\t\t<\/a>\n\t\t\t\t\t\t<\/div>\n\t\t\t\t<\/div>\n\t\t\t\t<div class=\"elementor-element elementor-element-d37154c elementor-widget elementor-widget-html\" data-id=\"d37154c\" data-element_type=\"widget\" data-widget_type=\"html.default\">\n\t\t\t\t<div class=\"elementor-widget-container\">\n\t\t\t\t\t<script>function init() {\n  const elements = document.querySelectorAll('.home-cta-3');\n  \n  elements.forEach(function(element) {\n    element.addEventListener('click', function() {\n      window.location.href = 'https:\/\/weissimmobilien.com\/#valuation';\n    });\n  });\n}\n\ndocument.addEventListener('DOMContentLoaded', init);\n<\/script>\t\t\t\t<\/div>\n\t\t\t\t<\/div>\n\t\t\t\t\t<\/div>\n\t\t<\/div>\n\t\t\t\t\t<\/div>\n\t\t<\/section>\n\t\t\t\t\t<\/div>\n\t\t<\/div>\n\t\t\t\t\t<\/div>\n\t\t<\/section>\n\t\t\t\t<\/div>\n\t\t","protected":false},"excerpt":{"rendered":"<p>Upoznajte nas Jer tako\u0111er mo\u017eete oti\u0107i bilo kojem drugom brokeru za obi\u010dnu trgovinu nekretninama. \u0160to mo\u017eemo u\u010diniti za vas? Na\u0161e usluge za vas Kupiti \u017delite kupiti&#8230; Vi\u0161e Prodavati \u017delite prodavati&#8230; Vi\u0161e Ocjenjivanje \u017delite Recenzija&#8230; Vi\u0161e<\/p>\n","protected":false},"author":1,"featured_media":0,"parent":0,"menu_order":0,"comment_status":"closed","ping_status":"closed","template":"","meta":{"footnotes":""},"class_list":["post-8481","page","type-page","status-publish","hentry"],"_links":{"self":[{"href":"https:\/\/weissimmobilien.com\/hr\/wp-json\/wp\/v2\/pages\/8481","targetHints":{"allow":["GET"]}}],"collection":[{"href":"https:\/\/weissimmobilien.com\/hr\/wp-json\/wp\/v2\/pages"}],"about":[{"href":"https:\/\/weissimmobilien.com\/hr\/wp-json\/wp\/v2\/types\/page"}],"author":[{"embeddable":true,"href":"https:\/\/weissimmobilien.com\/hr\/wp-json\/wp\/v2\/users\/1"}],"replies":[{"embeddable":true,"href":"https:\/\/weissimmobilien.com\/hr\/wp-json\/wp\/v2\/comments?post=8481"}],"version-history":[{"count":9,"href":"https:\/\/weissimmobilien.com\/hr\/wp-json\/wp\/v2\/pages\/8481\/revisions"}],"predecessor-version":[{"id":15970,"href":"https:\/\/weissimmobilien.com\/hr\/wp-json\/wp\/v2\/pages\/8481\/revisions\/15970"}],"wp:attachment":[{"href":"https:\/\/weissimmobilien.com\/hr\/wp-json\/wp\/v2\/media?parent=8481"}],"curies":[{"name":"wp","href":"https:\/\/api.w.org\/{rel}","templated":true}]}}